{"id":3,"date":"2020-10-12T06:35:08","date_gmt":"2020-10-12T06:35:08","guid":{"rendered":"http:\/\/switchuppartners.com\/?page_id=3"},"modified":"2020-11-19T23:29:07","modified_gmt":"2020-11-19T21:29:07","slug":"privacy-policy","status":"publish","type":"page","link":"https:\/\/switchuppartners.com\/fr\/privacy-policy\/","title":{"rendered":"Politique  confidentialit\u00e9"},"content":{"rendered":"<div data-elementor-type=\"wp-page\" data-elementor-id=\"3\" class=\"elementor elementor-3\" data-elementor-post-type=\"page\">\n\t\t\t\t\t\t<section data-particle_enable=\"false\" data-particle-mobile-disabled=\"false\" class=\"elementor-section elementor-top-section elementor-element elementor-element-38923e3b elementor-section-boxed elementor-section-height-default elementor-section-height-default\" data-id=\"38923e3b\" data-element_type=\"section\">\n\t\t\t\t\t\t<div class=\"elementor-container elementor-column-gap-default\">\n\t\t\t\t\t<div class=\"elementor-column elementor-col-100 elementor-top-column elementor-element elementor-element-7ef0294a\" data-id=\"7ef0294a\" data-element_type=\"column\">\n\t\t\t<div class=\"elementor-widget-wrap elementor-element-populated\">\n\t\t\t\t\t\t<div class=\"elementor-element elementor-element-00d2732 elementor-widget elementor-widget-heading\" data-id=\"00d2732\" data-element_type=\"widget\" data-widget_type=\"heading.default\">\n\t\t\t\t<div class=\"elementor-widget-container\">\n\t\t\t\t\t<h1 class=\"elementor-heading-title elementor-size-default\">Politique  confidentialit\u00e9<\/h1>\t\t\t\t<\/div>\n\t\t\t\t<\/div>\n\t\t\t\t<div class=\"elementor-element elementor-element-1d66e24d elementor-widget elementor-widget-text-editor\" data-id=\"1d66e24d\" data-element_type=\"widget\" data-widget_type=\"text-editor.default\">\n\t\t\t\t<div class=\"elementor-widget-container\">\n\t\t\t\t\t\t\t\t\t<p><\/p>\n<p><b>Propri\u00e9taire du site et responsable du contenu :<br \/><\/b>SwitchUP Partners<br \/>3 Rue du Mar\u00e9chal Vaillant<br \/>94130 Nogent-sur-Marne<\/p>\n<p>T\u00e9l\u00e9phone : +33 (0)7 61 84 56 02<br \/>E-mail : <a href=\"mailto:steve@switchuppartners.com\">steve@switchuppartners.com<\/a><\/p>\n<p><span style=\"color: var( --e-global-color-text ); font-family: var( --e-global-typography-text-font-family ), Sans-serif; font-weight: var( --e-global-typography-text-font-weight ); font-size: 1rem;\">SIRET : 88967063400019\u00a0\u00a0<\/span><span style=\"color: var( --e-global-color-text ); font-family: var( --e-global-typography-text-font-family ), Sans-serif; font-weight: var( --e-global-typography-text-font-weight ); font-size: 1rem;\"><br \/><\/span><span style=\"color: var( --e-global-color-text ); font-family: var( --e-global-typography-text-font-family ), Sans-serif; font-weight: var( --e-global-typography-text-font-weight ); font-size: 1rem;\">RCS : 889 670 634<br \/><\/span><span style=\"color: var( --e-global-color-text ); font-family: var( --e-global-typography-text-font-family ), Sans-serif; font-weight: var( --e-global-typography-text-font-weight ); font-size: 1rem;\">N\u00b0 TVA Intracommunautaire :\u00a0 FR72889670634\u00a0 \u00a0<br \/><\/span><\/p>\n<p><span style=\"color: var( --e-global-color-text ); font-family: var( --e-global-typography-text-font-family ), Sans-serif; font-weight: var( --e-global-typography-text-font-weight ); font-size: 1rem;\">\u00a0<\/span><\/p>\n<p><b>Webmaster<br \/><\/b>sh-communication<br \/>11 Avenue Maurice Chevalier<br \/>06150 Cannes la Bocca<br \/>T\u00e9l\u00e9phone : +33 6 09 09 71 41<\/p>\n<p>\u00a0<\/p>\n<p><b>H\u00e9bergement<\/b><br \/>Hostinger International Ltd.<br \/>61 Lordou Vironos Street<br \/>6023 Larnaca, Cyprus<\/p>\n<p><span style=\"color: var( --e-global-color-text ); font-family: var( --e-global-typography-text-font-family ), Sans-serif; font-size: 1rem; font-weight: var( --e-global-typography-text-font-weight );\">\u00a0<\/span><\/p>\n<p><b>Traitement et protection des donn\u00e9es<br \/><\/b>&#8221; Ce site Web utilise Google Analytics, un service analytique Web fourni par Google, Inc. (\u00ab Google \u00bb). Google Analytics utilise des \u00ab cookies \u00bb qui sont des fichiers texte plac\u00e9s sur votre ordinateur afin d\u2019aider le site Web \u00e0 analyser la mani\u00e8re dont les utilisateurs font usage du site. Les informations g\u00e9n\u00e9r\u00e9es par le cookie concernant votre utilisation du site Web (y compris votre adresse IP) sera transmise et stock\u00e9e par Google sur ses serveurs aux \u00c9tats-Unis. Google utilisera ces informations aux fins d\u2019\u00e9valuer votre utilisation du site Web, de compiler des rapports sur l\u2019activit\u00e9 du site Web \u00e0 destination des exploitants du site Web et de fournir d\u2019autres services se rapportant \u00e0 l\u2019activit\u00e9 du site Web et \u00e0 l\u2019usage d\u2019Internet. Google pourra \u00e9galement communiquer ces informations \u00e0 des tiers lorsque cela est requis par la loi ou lorsque ces tiers traitent les informations pour le compte de Google. Google, s\u2019engage \u00e0 ne pas associer votre adresse IP \u00e0 d\u2019autres donn\u00e9es d\u00e9tenues par Google. Vous avez la possibilit\u00e9 de refuser l\u2019usage de cookies en s\u00e9lectionnant les consignes requises sur votre navigateur ; veuillez cependant noter que si vous agissez de la sorte, il est possible que vous ne puissiez plus utiliser la totalit\u00e9 des fonctionnalit\u00e9s de ce site Web. En utilisant ce site Web, vous acceptez que Google traite des donn\u00e9es vous concernant de la mani\u00e8re et aux fins d\u00e9crites ci-dessus.&#8221;<\/p>\n<p><\/p>\t\t\t\t\t\t\t\t<\/div>\n\t\t\t\t<\/div>\n\t\t\t\t\t<\/div>\n\t\t<\/div>\n\t\t\t\t\t<\/div>\n\t\t<\/section>\n\t\t\t\t<\/div>","protected":false},"excerpt":{"rendered":"<p>Privacy Policy Propri\u00e9taire du site et responsable du contenu :SwitchUP Partners3 Rue du Mar\u00e9chal Vaillant94130 Nogent-sur-Marne T\u00e9l\u00e9phone : +33 (0)7 61 84 56 02E-mail : steve@switchuppartners.com SIRET : 88967063400019\u00a0\u00a0RCS : 889 670 634N\u00b0 TVA Intracommunautaire :\u00a0 FR72889670634\u00a0 \u00a0 \u00a0 Webmastersh-communication11 Avenue Maurice Chevalier06150 Cannes la BoccaT\u00e9l\u00e9phone : +33 6 09 09 71 41 \u00a0 H\u00e9bergementHostinger [&hellip;]<\/p>","protected":false},"author":1,"featured_media":0,"parent":0,"menu_order":0,"comment_status":"closed","ping_status":"open","template":"elementor_header_footer","meta":{"content-type":"","footnotes":""},"class_list":["post-3","page","type-page","status-publish","hentry"],"_links":{"self":[{"href":"https:\/\/switchuppartners.com\/fr\/wp-json\/wp\/v2\/pages\/3","targetHints":{"allow":["GET"]}}],"collection":[{"href":"https:\/\/switchuppartners.com\/fr\/wp-json\/wp\/v2\/pages"}],"about":[{"href":"https:\/\/switchuppartners.com\/fr\/wp-json\/wp\/v2\/types\/page"}],"author":[{"embeddable":true,"href":"https:\/\/switchuppartners.com\/fr\/wp-json\/wp\/v2\/users\/1"}],"replies":[{"embeddable":true,"href":"https:\/\/switchuppartners.com\/fr\/wp-json\/wp\/v2\/comments?post=3"}],"version-history":[{"count":7,"href":"https:\/\/switchuppartners.com\/fr\/wp-json\/wp\/v2\/pages\/3\/revisions"}],"predecessor-version":[{"id":471,"href":"https:\/\/switchuppartners.com\/fr\/wp-json\/wp\/v2\/pages\/3\/revisions\/471"}],"wp:attachment":[{"href":"https:\/\/switchuppartners.com\/fr\/wp-json\/wp\/v2\/media?parent=3"}],"curies":[{"name":"wp","href":"https:\/\/api.w.org\/{rel}","templated":true}]}}