{"id":349,"date":"2020-10-24T20:50:55","date_gmt":"2020-10-24T18:50:55","guid":{"rendered":"https:\/\/switchuppartners.com\/?page_id=349"},"modified":"2022-10-05T11:14:49","modified_gmt":"2022-10-05T10:14:49","slug":"about-us","status":"publish","type":"page","link":"https:\/\/switchuppartners.com\/fr\/qui-sommes-nous-2\/","title":{"rendered":"Qui sommes nous"},"content":{"rendered":"<div data-elementor-type=\"wp-page\" data-elementor-id=\"349\" class=\"elementor elementor-349\" data-elementor-post-type=\"page\">\n\t\t\t\t\t\t<section data-particle_enable=\"false\" data-particle-mobile-disabled=\"false\" class=\"elementor-section elementor-top-section elementor-element elementor-element-e75b385 elementor-section-full_width elementor-section-height-min-height elementor-section-stretched elementor-section-height-default elementor-section-items-middle\" data-id=\"e75b385\" data-element_type=\"section\" data-settings=\"{&quot;stretch_section&quot;:&quot;section-stretched&quot;,&quot;background_background&quot;:&quot;classic&quot;,&quot;shape_divider_bottom&quot;:&quot;mountains&quot;}\">\n\t\t\t\t\t\t\t<div class=\"elementor-background-overlay\"><\/div>\n\t\t\t\t\t\t<div class=\"elementor-shape elementor-shape-bottom\" aria-hidden=\"true\" data-negative=\"false\">\n\t\t\t<svg xmlns=\"http:\/\/www.w3.org\/2000\/svg\" viewbox=\"0 0 1000 100\" preserveaspectratio=\"none\">\n\t<path class=\"elementor-shape-fill\" opacity=\"0.33\" d=\"M473,67.3c-203.9,88.3-263.1-34-320.3,0C66,119.1,0,59.7,0,59.7V0h1000v59.7 c0,0-62.1,26.1-94.9,29.3c-32.8,3.3-62.8-12.3-75.8-22.1C806,49.6,745.3,8.7,694.9,4.7S492.4,59,473,67.3z\"\/>\n\t<path class=\"elementor-shape-fill\" opacity=\"0.66\" d=\"M734,67.3c-45.5,0-77.2-23.2-129.1-39.1c-28.6-8.7-150.3-10.1-254,39.1 s-91.7-34.4-149.2,0C115.7,118.3,0,39.8,0,39.8V0h1000v36.5c0,0-28.2-18.5-92.1-18.5C810.2,18.1,775.7,67.3,734,67.3z\"\/>\n\t<path class=\"elementor-shape-fill\" d=\"M766.1,28.9c-200-57.5-266,65.5-395.1,19.5C242,1.8,242,5.4,184.8,20.6C128,35.8,132.3,44.9,89.9,52.5C28.6,63.7,0,0,0,0 h1000c0,0-9.9,40.9-83.6,48.1S829.6,47,766.1,28.9z\"\/>\n<\/svg>\t\t<\/div>\n\t\t\t\t\t<div class=\"elementor-container elementor-column-gap-default\">\n\t\t\t\t\t<div class=\"elementor-column elementor-col-100 elementor-top-column elementor-element elementor-element-299fbb6a\" data-id=\"299fbb6a\" data-element_type=\"column\">\n\t\t\t<div class=\"elementor-widget-wrap elementor-element-populated\">\n\t\t\t\t\t\t<section data-particle_enable=\"false\" data-particle-mobile-disabled=\"false\" class=\"elementor-section elementor-inner-section elementor-element elementor-element-d08deda elementor-section-boxed elementor-section-height-default elementor-section-height-default\" data-id=\"d08deda\" data-element_type=\"section\">\n\t\t\t\t\t\t<div class=\"elementor-container elementor-column-gap-default\">\n\t\t\t\t\t<div class=\"elementor-column elementor-col-100 elementor-inner-column elementor-element elementor-element-5b244fb5\" data-id=\"5b244fb5\" data-element_type=\"column\">\n\t\t\t<div class=\"elementor-widget-wrap elementor-element-populated\">\n\t\t\t\t\t\t<div class=\"elementor-element elementor-element-1949c2d7 elementor-widget__width-inherit elementor-widget elementor-widget-heading\" data-id=\"1949c2d7\" data-element_type=\"widget\" data-widget_type=\"heading.default\">\n\t\t\t\t<div class=\"elementor-widget-container\">\n\t\t\t\t\t<h1 class=\"elementor-heading-title elementor-size-default\">Qui sommes nous<\/h1>\t\t\t\t<\/div>\n\t\t\t\t<\/div>\n\t\t\t\t<div class=\"elementor-element elementor-element-4417c5d3 elementor-widget__width-inherit elementor-widget elementor-widget-text-editor\" data-id=\"4417c5d3\" data-element_type=\"widget\" data-widget_type=\"text-editor.default\">\n\t\t\t\t<div class=\"elementor-widget-container\">\n\t\t\t\t\t\t\t\t\t<p>Il n'y a qu'une seule constante dans la vie : changement.<\/p>\t\t\t\t\t\t\t\t<\/div>\n\t\t\t\t<\/div>\n\t\t\t\t\t<\/div>\n\t\t<\/div>\n\t\t\t\t\t<\/div>\n\t\t<\/section>\n\t\t\t\t\t<\/div>\n\t\t<\/div>\n\t\t\t\t\t<\/div>\n\t\t<\/section>\n\t\t\t\t<section data-particle_enable=\"false\" data-particle-mobile-disabled=\"false\" class=\"elementor-section elementor-top-section elementor-element elementor-element-719c6389 elementor-section-boxed elementor-section-height-default elementor-section-height-default\" data-id=\"719c6389\" data-element_type=\"section\" data-settings=\"{&quot;background_background&quot;:&quot;classic&quot;}\">\n\t\t\t\t\t\t\t<div class=\"elementor-background-overlay\"><\/div>\n\t\t\t\t\t\t\t<div class=\"elementor-container elementor-column-gap-default\">\n\t\t\t\t\t<div class=\"elementor-column elementor-col-33 elementor-top-column elementor-element elementor-element-20cb0e80\" data-id=\"20cb0e80\" data-element_type=\"column\">\n\t\t\t<div class=\"elementor-widget-wrap elementor-element-populated\">\n\t\t\t\t\t\t<div class=\"elementor-element elementor-element-bc90af0 elementor-widget-divider--view-line_text elementor-widget-divider--element-align-left elementor-widget elementor-widget-divider\" data-id=\"bc90af0\" data-element_type=\"widget\" data-widget_type=\"divider.default\">\n\t\t\t\t<div class=\"elementor-widget-container\">\n\t\t\t\t\t\t\t<div class=\"elementor-divider\">\n\t\t\t<span class=\"elementor-divider-separator\">\n\t\t\t\t\t\t\t<span class=\"elementor-divider__text elementor-divider__element\">\n\t\t\t\tSTEVE de BONVOISIN\t\t\t\t<\/span>\n\t\t\t\t\t\t<\/span>\n\t\t<\/div>\n\t\t\t\t\t\t<\/div>\n\t\t\t\t<\/div>\n\t\t\t\t<div class=\"elementor-element elementor-element-1ead0c8e elementor-widget elementor-widget-image\" data-id=\"1ead0c8e\" data-element_type=\"widget\" data-widget_type=\"image.default\">\n\t\t\t\t<div class=\"elementor-widget-container\">\n\t\t\t\t\t\t\t\t\t\t\t\t\t\t\t<img fetchpriority=\"high\" decoding=\"async\" width=\"629\" height=\"629\" src=\"https:\/\/switchuppartners.com\/wp-content\/uploads\/2021\/03\/Steve-Profile-circle.png\" class=\"attachment-large size-large wp-image-502\" alt=\"Steve de Bonvoisin\" srcset=\"https:\/\/switchuppartners.com\/wp-content\/uploads\/2021\/03\/Steve-Profile-circle.png 629w, https:\/\/switchuppartners.com\/wp-content\/uploads\/2021\/03\/Steve-Profile-circle-300x300.png 300w, https:\/\/switchuppartners.com\/wp-content\/uploads\/2021\/03\/Steve-Profile-circle-150x150.png 150w, https:\/\/switchuppartners.com\/wp-content\/uploads\/2021\/03\/Steve-Profile-circle-12x12.png 12w\" sizes=\"(max-width: 629px) 100vw, 629px\" \/>\t\t\t\t\t\t\t\t\t\t\t\t\t\t\t<\/div>\n\t\t\t\t<\/div>\n\t\t\t\t\t<\/div>\n\t\t<\/div>\n\t\t\t\t<div class=\"elementor-column elementor-col-66 elementor-top-column elementor-element elementor-element-725938a3\" data-id=\"725938a3\" data-element_type=\"column\">\n\t\t\t<div class=\"elementor-widget-wrap elementor-element-populated\">\n\t\t\t\t\t\t<div class=\"elementor-element elementor-element-1251482e elementor-widget elementor-widget-heading\" data-id=\"1251482e\" data-element_type=\"widget\" data-widget_type=\"heading.default\">\n\t\t\t\t<div class=\"elementor-widget-container\">\n\t\t\t\t\t<h2 class=\"elementor-heading-title elementor-size-default\">Il n'y a qu'une seule constante dans la vie : le changement. \u00cates-vous toujours pr\u00eat \u00e0 l'accueillir ?<\/h2>\t\t\t\t<\/div>\n\t\t\t\t<\/div>\n\t\t\t\t<div class=\"elementor-element elementor-element-63f6880b elementor-widget elementor-widget-text-editor\" data-id=\"63f6880b\" data-element_type=\"widget\" data-widget_type=\"text-editor.default\">\n\t\t\t\t<div class=\"elementor-widget-container\">\n\t\t\t\t\t\t\t\t\t<p>S'il y a une constante dans la vie, c'est le changement. Je m'\u00e9panouis dans les nouveaux d\u00e9fis, la vitesse et la complexit\u00e9. Athl\u00e9tique de corps et d'esprit, j'aime la plong\u00e9e sous-marine pour explorer sous la surface et le ski pour atteindre les sommets. Je crois au mouvement et aux nouveaux d\u00e9parts, pour autant qu'ils laissent des traces durables.<br \/><br \/><\/p><p>J'ai v\u00e9cu dans 10 pays et travaill\u00e9 dans environ 70. <b>Les voyages sont une forme d'\u00e9ducation continue<\/b>et je consid\u00e8re ma carri\u00e8re comme un voyage permanent. Apr\u00e8s avoir \u00e9t\u00e9 dipl\u00f4m\u00e9e de la LSE\n et avoir obtenu un <b>MBA \u00e0 Stanford<\/b>j'ai \u00e9labor\u00e9 des strat\u00e9gies de communication et de d\u00e9veloppement pour des <b>soci\u00e9t\u00e9s de m\u00e9dias, des maisons d'\u00e9dition<\/b> et <b>des productions audiovisuelles<\/b> et <b>musicales<\/b>J'ai affin\u00e9 mes comp\u00e9tences en affaires et en <b>marketing<\/b> en travaillant dans le monde de la banque et de l'investissement. J'ai \u00e9galement contribu\u00e9 <b>coaching<\/b> \u00e0 l'expansion consid\u00e9rable de soci\u00e9t\u00e9s de d\u00e9veloppement des employ\u00e9s.<br \/><br \/><\/p><p class=\"translation-block\">Je suis tout aussi int\u00e9ress\u00e9 par le fait d'aider les grandes cha\u00eenes d'entreprises \u00e0 se d\u00e9velopper que par celui d'aider les entrepreneurs \u00e0 mettre en \u0153uvre leurs id\u00e9es et leurs plans d'affaires. J'ai moi-m\u00eame travaill\u00e9 \u00e0 la fois comme employ\u00e9 et comme consultant ind\u00e9pendant. Gr\u00e2ce \u00e0 mon travail avec le Wall Street Journal, Goldman Sachs, Bertelsmann ou Tony Robbins, pour n'en citer que quelques-uns, j'ai d\u00e9velopp\u00e9 de solides relations personnelles dans des environnements tr\u00e8s divers.<\/p><p class=\"translation-block\">Le d\u00e9nominateur commun de toutes ces exp\u00e9riences est ind\u00e9niablement le fait que je peux provoquer le changement. Vous ne pouvez pas diriger ou prendre des d\u00e9cisions sans d'abord comprendre. Pour amener une \u00e9quipe de cadres et d'employ\u00e9s \u00e0 travailler \u00e0 de nouveaux objectifs, vous devez d'abord transmettre l'importance et les d\u00e9fis du changement, un peu comme un chef d'orchestre obtient que l'orchestre joue en v\u00e9ritable harmonie. J'aime m'adapter \u00e0 diff\u00e9rentes situations, observer et me mettre \u00e0 la place des autres. Dans le monde actuel o\u00f9 les canaux de communication sont multiples, rien ne remplace le travail en face \u00e0 face avec les gens.<\/p><p class=\"translation-block\">Le cours de ma vie est fait de rencontres avec des personnalit\u00e9s fascinantes et de construction de projets captivants. J'aspire \u00e0 \u00eatre continuellement en mouvement. J'appr\u00e9cie profond\u00e9ment de donner un coup de main pour faire \u00e9voluer les projets, et j'ai des ambitions tourn\u00e9es vers la croissance. En restant flexible et agile, je transforme, cr\u00e9e de la valeur ou apporte du pouvoir. Dans les mois \u00e0 venir, l'\u00e9conomie mondiale devra \u00eatre reconstruite diff\u00e9remment. Je veux faire partie des d\u00e9cideurs qui conduiront le monde \u00e0 se transformer durablement apr\u00e8s cette \u00e9preuve cruciale \u00e0 laquelle nous sommes confront\u00e9s. Et ce travail commence aujourd'hui.<\/p>\t\t\t\t\t\t\t\t<\/div>\n\t\t\t\t<\/div>\n\t\t\t\t<div class=\"elementor-element elementor-element-6245b224 elementor-widget elementor-widget-video\" data-id=\"6245b224\" data-element_type=\"widget\" data-settings=\"{&quot;youtube_url&quot;:&quot;https:\\\/\\\/youtu.be\\\/aP-LKKnFyn0&quot;,&quot;video_type&quot;:&quot;youtube&quot;,&quot;controls&quot;:&quot;yes&quot;}\" data-widget_type=\"video.default\">\n\t\t\t\t<div class=\"elementor-widget-container\">\n\t\t\t\t\t\t\t<div class=\"elementor-wrapper elementor-open-inline\">\n\t\t\t<div class=\"elementor-video\"><\/div>\t\t<\/div>\n\t\t\t\t\t\t<\/div>\n\t\t\t\t<\/div>\n\t\t\t\t\t<\/div>\n\t\t<\/div>\n\t\t\t\t\t<\/div>\n\t\t<\/section>\n\t\t\t\t<\/div>","protected":false},"excerpt":{"rendered":"<p>There is only one constant in life: change. STEVE de BONVOISIN There is only one constant in life: change. Are you always ready for it? If there is one constant in life, it is change. I thrive on new challenges, speed, and complexity. Athletic in body and soul, I love scuba diving to explore below [&hellip;]<\/p>","protected":false},"author":2,"featured_media":510,"parent":0,"menu_order":0,"comment_status":"closed","ping_status":"closed","template":"elementor_header_footer","meta":{"content-type":"","footnotes":""},"class_list":["post-349","page","type-page","status-publish","has-post-thumbnail","hentry"],"_links":{"self":[{"href":"https:\/\/switchuppartners.com\/fr\/wp-json\/wp\/v2\/pages\/349","targetHints":{"allow":["GET"]}}],"collection":[{"href":"https:\/\/switchuppartners.com\/fr\/wp-json\/wp\/v2\/pages"}],"about":[{"href":"https:\/\/switchuppartners.com\/fr\/wp-json\/wp\/v2\/types\/page"}],"author":[{"embeddable":true,"href":"https:\/\/switchuppartners.com\/fr\/wp-json\/wp\/v2\/users\/2"}],"replies":[{"embeddable":true,"href":"https:\/\/switchuppartners.com\/fr\/wp-json\/wp\/v2\/comments?post=349"}],"version-history":[{"count":47,"href":"https:\/\/switchuppartners.com\/fr\/wp-json\/wp\/v2\/pages\/349\/revisions"}],"predecessor-version":[{"id":600,"href":"https:\/\/switchuppartners.com\/fr\/wp-json\/wp\/v2\/pages\/349\/revisions\/600"}],"wp:featuredmedia":[{"embeddable":true,"href":"https:\/\/switchuppartners.com\/fr\/wp-json\/wp\/v2\/media\/510"}],"wp:attachment":[{"href":"https:\/\/switchuppartners.com\/fr\/wp-json\/wp\/v2\/media?parent=349"}],"curies":[{"name":"wp","href":"https:\/\/api.w.org\/{rel}","templated":true}]}} 